{"id":27,"date":"2020-11-05T12:11:49","date_gmt":"2020-11-05T15:11:49","guid":{"rendered":"https:\/\/www2.ifrn.edu.br\/ofop2020\/?page_id=27"},"modified":"2021-04-01T16:04:07","modified_gmt":"2021-04-01T19:04:07","slug":"principal","status":"publish","type":"page","link":"https:\/\/www2.ifrn.edu.br\/ofop2020\/","title":{"rendered":""},"content":{"rendered":"\n<div class=\"wp-block-image is-style-default\"><figure class=\"aligncenter size-large is-resized\"><a href=\"https:\/\/www2.ifrn.edu.br\/ofop2020\"><img loading=\"lazy\" src=\"https:\/\/media.giphy.com\/media\/0i7ZiVn62nZT90LEsa\/giphy.gif\" alt=\"\" width=\"308\" height=\"173\"\/><\/a><\/figure><\/div>\n\n\n\n<h1 class=\"has-text-align-center\"><strong>Olimp\u00edadas de F\u00edsica do Oeste Potiguar<\/strong><\/h1>\n\n\n\n<hr class=\"wp-block-separator\"\/>\n\n\n\n<h2 class=\"has-text-align-center has-vivid-cyan-blue-color has-text-color\">A 3\u00aa OFOP est\u00e1 encerrada! O resultado final foi o seguinte:<\/h2>\n\n\n\n<h2 class=\"has-text-align-center has-text-color\" style=\"color:#ff0000\">1\u00ba Lugar: Equipe Quanta (Campus Mossor\u00f3)<\/h2>\n\n\n\n<h2 class=\"has-text-align-center has-text-color\" style=\"color:#ff0000\">2\u00ba Lugar: Rai Sem Berg (Campus Mossor\u00f3)<\/h2>\n\n\n\n<h2 class=\"has-text-align-center has-text-color\" style=\"color:#ff0000\">3\u00ba Lugar: Ordem da F\u00eanix (Campus Apodi)<\/h2>\n\n\n\n<p class=\"has-text-align-center\" style=\"font-size:22px\"><strong><span class=\"has-inline-color has-black-color\">Os certificados est\u00e3o dispon\u00edveis! Confira seu e-mail utilizado na inscri\u00e7\u00e3o da equipe!<\/span><\/strong><\/p>\n\n\n\n<div class=\"wp-block-buttons aligncenter\">\n<div class=\"wp-block-button is-style-outline\"><a class=\"wp-block-button__link has-black-color has-text-color\" href=\"https:\/\/www2.ifrn.edu.br\/ofop2020\/inscrever-escola-novo\/\" style=\"border-radius:28px\">Escola<\/a><\/div>\n\n\n\n<div class=\"wp-block-button is-style-outline\"><a class=\"wp-block-button__link has-black-color has-text-color\" href=\"https:\/\/www2.ifrn.edu.br\/ofop2020\/teacher-registration\/\">Professor<\/a><\/div>\n\n\n\n<div class=\"wp-block-button is-style-outline\"><a class=\"wp-block-button__link has-black-color has-text-color\" href=\"https:\/\/www2.ifrn.edu.br\/ofop2020\/team-registration\/\">Equipe<\/a><\/div>\n<\/div>\n\n\n\n<hr class=\"wp-block-separator\"\/>\n\n\n\n<h1 id=\"sobre\">Sobre<\/h1>\n\n\n\n<p class=\"has-black-color has-text-color\">A OFOP \u00e9 a Olimp\u00edada de F\u00edsica do Oeste Potiguar. Neste ano, acontecer\u00e1 a sua terceira edi\u00e7\u00e3o.<\/p>\n\n\n\n<p class=\"has-black-color has-text-color\">Podem participar do projeto, alunos regularmente matriculados nas s\u00e9ries do Ensino M\u00e9dio de qualquer escola das cidades do Oeste Potiguar.<\/p>\n\n\n\n<p><span class=\"has-inline-color has-black-color\">As atividades da olimp\u00edada ser\u00e3o, todas, realizadas em um \u00fanico n\u00edvel independente da s\u00e9rie dos alunos matriculados.<\/span><\/p>\n\n\n\n<p><span class=\"has-inline-color has-black-color\">A olimp\u00edada ser\u00e1 realizada em equipes de tr\u00eas alunos, orientados por um professor previamente cadastrado e ser\u00e1 composta por tr\u00eas etapas: I) Primeira Fase: Prova objetiva online\u037e II) Segunda Fase: Prova objetiva e dissertativa online  \u037e III) Terceira Fase: Maratona de F\u00edsica<\/span> (online ou presencial).<\/p>\n\n\n\n<p><span class=\"has-inline-color has-black-color\">Ao final, ser\u00e3o premiadas com trof\u00e9u e medalha de \u201couro\u201d, medalha de prata e medalha de bronze, respectivamente, as equipes que ficarem em primeiro, segundo e terceiro lugar.<\/span><\/p>\n\n\n\n<p class=\"has-black-color has-text-color\"><span class=\"has-inline-color has-black-color\">As demais equipes participantes da 3\u00aa Fase far\u00e3o jus a certificado de men\u00e7\u00e3o honrosa e todas as equipes participantes receber\u00e3o certificado de participa\u00e7\u00e3o.<\/span><\/p>\n\n\n\n<hr class=\"wp-block-separator\"\/>\n\n\n\n<p><\/p>\n\n\n\n<h1 id=\"calendario\">Calend\u00e1rio<\/h1>\n\n\n\n<figure class=\"wp-block-table is-style-stripes\"><table><tbody><tr><td>23\/11\/2020<\/td><td>Abertura das Inscri\u00e7\u00f5es.<\/td><\/tr><tr><td>22\/01\/2021<\/td><td>Encerramento das Inscri\u00e7\u00f5es.<\/td><\/tr><tr><td><strong>06\/02\/2021<\/strong><\/td><td><strong>Prova da 1\u00aa fase online das 8:00 \u00e0s 12:00 h.<\/strong><\/td><\/tr><tr><td>12\/02\/2021<\/td><td>Divulga\u00e7\u00e3o do resultado da 1\u00aa fase.<\/td><\/tr><tr><td><strong><span class=\"has-inline-color has-vivid-red-color\">06\/03\/2021<\/span><\/strong><\/td><td><strong>Prova da 2\u00aa fase online das 9:00 \u00e0s 11:00 h.<\/strong><\/td><\/tr><tr><td>14\/03\/2021<\/td><td>Divulga\u00e7\u00e3o do resultado definitivo da 2\u00aa fase, ranking geral e tema da Maratona.<\/td><\/tr><tr><td><strong>30\/03\/2021<\/strong><\/td><td><strong>Maratona de F\u00edsica (3\u00aa fase) e premia\u00e7\u00e3o.<\/strong><\/td><\/tr><tr><td><\/td><td><\/td><\/tr><\/tbody><\/table><\/figure>\n\n\n\n<hr class=\"wp-block-separator\"\/>\n\n\n\n<p><\/p>\n\n\n\n<h1 id=\"materiais\">Materiais<\/h1>\n\n\n\n<p><a href=\"https:\/\/www2.ifrn.edu.br\/ofop2020\/wp-content\/uploads\/2021\/03\/RESULTADO-DA-2a-FASE-DA-3a-OFOP-1.pdf\">Resultado da 2\u00aa Fase da 3\u00aa OFOP<\/a><\/p>\n\n\n\n<p><a href=\"https:\/\/www2.ifrn.edu.br\/ofop2020\/wp-content\/uploads\/2021\/02\/RESULTADO-DA-1a-FASE-DA-3a-OFOP.pdf\">Resultado da 1\u00aa Fase da 3\u00aa OFOP<\/a><\/p>\n\n\n\n<p><a href=\"https:\/\/www2.ifrn.edu.br\/ofop2020\/wp-content\/uploads\/2020\/11\/Regulamento-OFOP_2020-4.pdf\">Regulamento OFOP 2020<\/a><\/p>\n\n\n\n<p><\/p>\n","protected":false},"excerpt":{"rendered":"<p>Olimp\u00edadas de F\u00edsica do Oeste Potiguar A 3\u00aa OFOP est\u00e1 encerrada! O resultado final foi o seguinte: 1\u00ba Lugar: Equipe Quanta (Campus Mossor\u00f3) 2\u00ba Lugar: Rai Sem Berg (Campus Mossor\u00f3) 3\u00ba Lugar: Ordem da F\u00eanix (Campus Apodi) Os certificados est\u00e3o dispon\u00edveis! Confira seu e-mail utilizado na inscri\u00e7\u00e3o da equipe! Sobre A OFOP \u00e9 a Olimp\u00edada [&hellip;]<\/p>\n","protected":false},"author":1,"featured_media":0,"parent":0,"menu_order":0,"comment_status":"closed","ping_status":"closed","template":"fullwidth.php","meta":[],"_links":{"self":[{"href":"https:\/\/www2.ifrn.edu.br\/ofop2020\/wp-json\/wp\/v2\/pages\/27"}],"collection":[{"href":"https:\/\/www2.ifrn.edu.br\/ofop2020\/wp-json\/wp\/v2\/pages"}],"about":[{"href":"https:\/\/www2.ifrn.edu.br\/ofop2020\/wp-json\/wp\/v2\/types\/page"}],"author":[{"embeddable":true,"href":"https:\/\/www2.ifrn.edu.br\/ofop2020\/wp-json\/wp\/v2\/users\/1"}],"replies":[{"embeddable":true,"href":"https:\/\/www2.ifrn.edu.br\/ofop2020\/wp-json\/wp\/v2\/comments?post=27"}],"version-history":[{"count":80,"href":"https:\/\/www2.ifrn.edu.br\/ofop2020\/wp-json\/wp\/v2\/pages\/27\/revisions"}],"predecessor-version":[{"id":200,"href":"https:\/\/www2.ifrn.edu.br\/ofop2020\/wp-json\/wp\/v2\/pages\/27\/revisions\/200"}],"wp:attachment":[{"href":"https:\/\/www2.ifrn.edu.br\/ofop2020\/wp-json\/wp\/v2\/media?parent=27"}],"curies":[{"name":"wp","href":"https:\/\/api.w.org\/{rel}","templated":true}]}}